{"id":356,"date":"2021-04-09T02:31:03","date_gmt":"2021-04-09T01:31:03","guid":{"rendered":"https:\/\/ccts.aniamalinowska.com\/?page_id=356"},"modified":"2023-11-22T19:07:25","modified_gmt":"2023-11-22T18:07:25","slug":"o-nas","status":"publish","type":"page","link":"https:\/\/www.ccts.us.edu.pl\/pl\/o-nas\/","title":{"rendered":"O nas"},"content":{"rendered":"\n<h2 class=\"wp-block-heading\">Co robimy<\/h2>\n\n\n\n<p>W<strong> Centrum Bada\u0144 Krytycznych nad Technologiami (CCTS)<\/strong>\u00a0badamy wp\u0142yw techniki na rozw\u00f3j jednostek i spo\u0142ecze\u0144stw. Nasze projekty badawcze dostarczaj\u0105 diagnoz zachodz\u0105cej transformacji cyfrowej z uwzgl\u0119dnieniem jej implikacji poznawczych, psychospo\u0142ecznych, politycznych i kulturowych. Interesuj\u0105 nas granice, w kt\u00f3rych ta transformacja mog\u0142aby nie\u015b\u0107 za sob\u0105 pozytywn\u0105 zmian\u0119 w kontek\u015bcie informacyjnego nadmiaru i kryzysu ekologicznego.<\/p>\n\n\n\n<h2 class=\"wp-block-heading\">Jak pracujemy<\/h2>\n\n\n\n<p>\u0141\u0105czymy dorobek nauk humanistycznych i spo\u0142ecznych z refleksj\u0105 nad technik\u0105, aby wypracowa\u0107 wielopoziomowe uj\u0119cia technologii obliczeniowej i jej zastosowa\u0144 przemys\u0142owych w duchu nauki krytycznej.<\/p>\n\n\n\n<p>Nasze prace sytuuj\u0105 si\u0119 w nast\u0119puj\u0105cych obszarach:<\/p>\n\n\n\n<ul class=\"wp-block-list\">\n<li>filozofia techniki, filozofia spo\u0142eczna, antropologia filozoficzna i teoria krytyczna, a w szczeg\u00f3lno\u015bci ekologia polityczna i ekologia techniki w \u015brodowisku cyfrowym;<\/li>\n\n\n\n<li>nauki o kulturze i sztuce, medioznawstwo, humanistyka cyfrowa i robotyka krytyczna, a w szczeg\u00f3lno\u015bci kody kulturowe, emocjonalne i estetyczne w technokulturze<\/li>\n<\/ul>\n\n\n\n<p>Opr\u00f3cz prowadzenia zaawansowanych prac teoretycznych, prowadzimy r\u00f3wnie\u017c prace eksperymentalne, wsp\u00f3\u0142pracuj\u0105c z projektantami, in\u017cynierami, artystami i lokalnymi spo\u0142eczno\u015bciami. Stawiamy na po\u0142\u0105czenie teorii z praktyk\u0105, nauki ze sztuk\u0105 i aktywizmem. Od technoutopii i katastroficznych wizji przysz\u0142o\u015bci wolimy technologiczny realizm.<\/p>\n","protected":false},"excerpt":{"rendered":"<p>Co robimy W Centrum Bada\u0144 Krytycznych nad Technologiami (CCTS)\u00a0badamy wp\u0142yw techniki na rozw\u00f3j jednostek i spo\u0142ecze\u0144stw. Nasze projekty badawcze dostarczaj\u0105 diagnoz zachodz\u0105cej transformacji cyfrowej z uwzgl\u0119dnieniem jej implikacji poznawczych, psychospo\u0142ecznych, politycznych i kulturowych. Interesuj\u0105 nas granice, w kt\u00f3rych ta transformacja mog\u0142aby nie\u015b\u0107 za sob\u0105 pozytywn\u0105 zmian\u0119 w kontek\u015bcie informacyjnego nadmiaru i kryzysu ekologicznego. Jak pracujemy&hellip; <a class=\"more-link\" href=\"https:\/\/www.ccts.us.edu.pl\/pl\/o-nas\/\">Czytaj dalej <span class=\"screen-reader-text\">O nas<\/span><\/a><\/p>\n","protected":false},"author":1,"featured_media":457,"parent":0,"menu_order":0,"comment_status":"closed","ping_status":"closed","template":"","meta":{"footnotes":""},"class_list":["post-356","page","type-page","status-publish","has-post-thumbnail","hentry","entry"],"_links":{"self":[{"href":"https:\/\/www.ccts.us.edu.pl\/pl\/wp-json\/wp\/v2\/pages\/356","targetHints":{"allow":["GET"]}}],"collection":[{"href":"https:\/\/www.ccts.us.edu.pl\/pl\/wp-json\/wp\/v2\/pages"}],"about":[{"href":"https:\/\/www.ccts.us.edu.pl\/pl\/wp-json\/wp\/v2\/types\/page"}],"author":[{"embeddable":true,"href":"https:\/\/www.ccts.us.edu.pl\/pl\/wp-json\/wp\/v2\/users\/1"}],"replies":[{"embeddable":true,"href":"https:\/\/www.ccts.us.edu.pl\/pl\/wp-json\/wp\/v2\/comments?post=356"}],"version-history":[{"count":5,"href":"https:\/\/www.ccts.us.edu.pl\/pl\/wp-json\/wp\/v2\/pages\/356\/revisions"}],"predecessor-version":[{"id":655,"href":"https:\/\/www.ccts.us.edu.pl\/pl\/wp-json\/wp\/v2\/pages\/356\/revisions\/655"}],"wp:featuredmedia":[{"embeddable":true,"href":"https:\/\/www.ccts.us.edu.pl\/pl\/wp-json\/wp\/v2\/media\/457"}],"wp:attachment":[{"href":"https:\/\/www.ccts.us.edu.pl\/pl\/wp-json\/wp\/v2\/media?parent=356"}],"curies":[{"name":"wp","href":"https:\/\/api.w.org\/{rel}","templated":true}]}}