{"id":358,"date":"2021-04-09T02:34:21","date_gmt":"2021-04-09T01:34:21","guid":{"rendered":"https:\/\/ccts.aniamalinowska.com\/?page_id=358"},"modified":"2024-01-11T09:49:42","modified_gmt":"2024-01-11T08:49:42","slug":"zespol","status":"publish","type":"page","link":"https:\/\/www.ccts.us.edu.pl\/pl\/zespol\/","title":{"rendered":"Zesp\u00f3\u0142"},"content":{"rendered":"<div class=\"wp-block-image\">\n<figure class=\"alignleft size-full is-resized\"><img loading=\"lazy\" decoding=\"async\" width=\"1000\" height=\"1000\" src=\"https:\/\/www.ccts.us.edu.pl\/wp-content\/uploads\/2024\/01\/Krzykawski-fot-Joanna-Nowicka-006-net.jpg\" alt=\"Prof. Micha\u0142 Krzykawski\" class=\"wp-image-668\" style=\"width:450px;height:undefinedpx\" srcset=\"https:\/\/www.ccts.us.edu.pl\/wp-content\/uploads\/2024\/01\/Krzykawski-fot-Joanna-Nowicka-006-net.jpg 1000w, https:\/\/www.ccts.us.edu.pl\/wp-content\/uploads\/2024\/01\/Krzykawski-fot-Joanna-Nowicka-006-net-300x300.jpg 300w, https:\/\/www.ccts.us.edu.pl\/wp-content\/uploads\/2024\/01\/Krzykawski-fot-Joanna-Nowicka-006-net-150x150.jpg 150w, https:\/\/www.ccts.us.edu.pl\/wp-content\/uploads\/2024\/01\/Krzykawski-fot-Joanna-Nowicka-006-net-768x768.jpg 768w\" sizes=\"auto, (max-width: 1000px) 100vw, 1000px\" \/><\/figure>\n<\/div>\n\n\n<p><strong>Micha\u0142 Krzykawski<\/strong>, dr hab., prof. U\u015a \u2013  profesor na Wydziale Humanistycznym Uniwersytetu \u015al\u0105skiego w Katowicach (Instytut Filozofii). Interesuje si\u0119 budowaniem transdyscypilnarnego dialogu mi\u0119dzy filozofi\u0105 a naukami w kontek\u015bcie wyzwa\u0144 epistemologicznych, politycznych, psychospo\u0142ecznych i gospodarczych, jakie nios\u0105 za sob\u0105 transformacja ekologiczna i transformacja cyfrowa. Autor i wsp\u00f3\u0142autor wielu artyku\u0142\u00f3w, rozdzia\u0142\u00f3w i ksi\u0105\u017cek po\u015bwi\u0119conych wsp\u00f3\u0142czesnej filozofii, filozofii techniki i ekonomii politycznej, mi\u0119dzy innymi:&nbsp;<em>Konieczna bifurkacja. \u201eNie ma alternatywy\u201d<\/em> (pod redakcj\u0105 Bernarda Stieglera i Kolektywu Internacja, Paris 2020. London 2021, Katowice 2023), <em>Gospodarka i entropia. Jak wyj\u015b\u0107 z polikryzysu?<\/em> (praca wsp\u00f3\u0142redagowana z Jerzym Hausnerem, Warszawa 2023) i <em>Inne i wsp\u00f3lne. Trzydzie\u015bci pi\u0119\u0107 lat francuskiej filozofii<\/em>&nbsp;(Warszawa 2017). <\/p>\n\n\n\n<div class=\"wp-block-file\"><a id=\"wp-block-file--media-52c6009b-3b3f-4152-b06c-0e0e5388276f\" href=\"https:\/\/www.ccts.us.edu.pl\/wp-content\/uploads\/2021\/04\/Krzykawski_CV.pdf\">Krzykawski_CV (pdf 576 kB)<\/a><\/div>\n\n\n<div class=\"wp-block-image\">\n<figure class=\"alignleft size-large is-resized\"><img loading=\"lazy\" decoding=\"async\" width=\"600\" height=\"600\" src=\"https:\/\/www.ccts.us.edu.pl\/wp-content\/uploads\/2021\/03\/malinowska.jpg\" alt=\"Ania Malinowska\" class=\"wp-image-261\" style=\"width:450px;height:undefinedpx\" srcset=\"https:\/\/www.ccts.us.edu.pl\/wp-content\/uploads\/2021\/03\/malinowska.jpg 600w, https:\/\/www.ccts.us.edu.pl\/wp-content\/uploads\/2021\/03\/malinowska-300x300.jpg 300w, https:\/\/www.ccts.us.edu.pl\/wp-content\/uploads\/2021\/03\/malinowska-150x150.jpg 150w\" sizes=\"auto, (max-width: 600px) 100vw, 600px\" \/><\/figure>\n<\/div>\n\n\n<p><strong>Ania Malinowska<\/strong> \u2013 autorka, teoretyczka kulturowa i profesora (nauki o kulturze i medioznawstwo) na Wydziale Humanistycznym Uniwersytetu \u015al\u0105skiego w Katowicach. Pracowa\u0142a r\u00f3wnie\u017c w the New School of Social Research w Nowym Jorku jako stypendystka Fulbrighta. Jej prace badawcze s\u0105 po\u015bwi\u0119cone teorii kulturowej, studiom nad mi\u0142o\u015bci\u0105, humanistyce cyfrowej i robotyce krytycznej, a w szczeg\u00f3lno\u015bci kszta\u0142towaniu si\u0119 norm kulturowych oraz kod\u00f3w spo\u0142ecznych, emocjonalnych i estetycznych w kontek\u015bcie cyfrowo\u015bci. Autorka i wsp\u00f3\u0142autorka artyku\u0142\u00f3w, rozdzia\u0142\u00f3w i ksi\u0105\u017cek na temat kondycji posthumanistycznej i technologii afektu, mi\u0119dzy innymi: <em>Love in Contemporary<\/em>&nbsp;<em>Technoculture<\/em>&nbsp;(Cambridge University Press 2021), (wraz z Karolin\u0105 Lebek)&nbsp;<em>Materiality and Popular Culture. The Popular Life of Things<\/em>&nbsp;(Routledge 2017), (wraz z Michaelem Gratzke)&nbsp;<em>The Materiality of Love. Essays of Affection and Cultural Practice<\/em>&nbsp;(Routledge 2018) i (wraz z Tobym Millerem) \u201cMedia and Emotions. The New Frontiers of Affect in Digital Culture\u201d (wydanie specjalne Open Cultural Studies, 2017).<\/p>\n\n\n\n<div class=\"wp-block-file\"><a id=\"wp-block-file--media-499e7552-831c-45a9-bfaf-0c5278c59390\" href=\"https:\/\/www.ccts.us.edu.pl\/wp-content\/uploads\/2021\/04\/Malinowska_CV.pdf\">Malinowska_CV (pdf 676 kB)<\/a><\/div>\n","protected":false},"excerpt":{"rendered":"<p>Micha\u0142 Krzykawski, dr hab., prof. U\u015a \u2013 profesor na Wydziale Humanistycznym Uniwersytetu \u015al\u0105skiego w Katowicach (Instytut Filozofii). Interesuje si\u0119 budowaniem transdyscypilnarnego dialogu mi\u0119dzy filozofi\u0105 a naukami w kontek\u015bcie wyzwa\u0144 epistemologicznych, politycznych, psychospo\u0142ecznych i gospodarczych, jakie nios\u0105 za sob\u0105 transformacja ekologiczna i transformacja cyfrowa. Autor i wsp\u00f3\u0142autor wielu artyku\u0142\u00f3w, rozdzia\u0142\u00f3w i ksi\u0105\u017cek po\u015bwi\u0119conych wsp\u00f3\u0142czesnej filozofii, filozofii&hellip; <a class=\"more-link\" href=\"https:\/\/www.ccts.us.edu.pl\/pl\/zespol\/\">Czytaj dalej <span class=\"screen-reader-text\">Zesp\u00f3\u0142<\/span><\/a><\/p>\n","protected":false},"author":1,"featured_media":457,"parent":0,"menu_order":0,"comment_status":"closed","ping_status":"closed","template":"","meta":{"footnotes":""},"class_list":["post-358","page","type-page","status-publish","has-post-thumbnail","hentry","entry"],"_links":{"self":[{"href":"https:\/\/www.ccts.us.edu.pl\/pl\/wp-json\/wp\/v2\/pages\/358","targetHints":{"allow":["GET"]}}],"collection":[{"href":"https:\/\/www.ccts.us.edu.pl\/pl\/wp-json\/wp\/v2\/pages"}],"about":[{"href":"https:\/\/www.ccts.us.edu.pl\/pl\/wp-json\/wp\/v2\/types\/page"}],"author":[{"embeddable":true,"href":"https:\/\/www.ccts.us.edu.pl\/pl\/wp-json\/wp\/v2\/users\/1"}],"replies":[{"embeddable":true,"href":"https:\/\/www.ccts.us.edu.pl\/pl\/wp-json\/wp\/v2\/comments?post=358"}],"version-history":[{"count":13,"href":"https:\/\/www.ccts.us.edu.pl\/pl\/wp-json\/wp\/v2\/pages\/358\/revisions"}],"predecessor-version":[{"id":671,"href":"https:\/\/www.ccts.us.edu.pl\/pl\/wp-json\/wp\/v2\/pages\/358\/revisions\/671"}],"wp:featuredmedia":[{"embeddable":true,"href":"https:\/\/www.ccts.us.edu.pl\/pl\/wp-json\/wp\/v2\/media\/457"}],"wp:attachment":[{"href":"https:\/\/www.ccts.us.edu.pl\/pl\/wp-json\/wp\/v2\/media?parent=358"}],"curies":[{"name":"wp","href":"https:\/\/api.w.org\/{rel}","templated":true}]}}