{"id":362,"date":"2021-04-09T02:36:50","date_gmt":"2021-04-09T01:36:50","guid":{"rendered":"https:\/\/ccts.aniamalinowska.com\/?page_id=362"},"modified":"2023-11-22T18:57:33","modified_gmt":"2023-11-22T17:57:33","slug":"projekty","status":"publish","type":"page","link":"https:\/\/www.ccts.us.edu.pl\/pl\/projekty\/","title":{"rendered":"Projekty"},"content":{"rendered":"\n<p><strong><strong>Granty zespo\u0142owe<\/strong><\/strong><\/p>\n\n\n\n<p>2021\u20132024, <em>Networking Ecologically Smart Territories<\/em>, Horyzont2020 Maria Sk\u0142odowska-Curie RISE, grant agreement ID: 101007915 (lider projektu: Noel Fitzpatrick, Technological University Dublin, lider zespo\u0142u U\u015a: Micha\u0142 Krzykawski). <a href=\"https:\/\/www.nestproject.eu\/\">https:\/\/www.nestproject.eu\/<\/a><\/p>\n\n\n\n<p>2021\u20132023, <em>Nie nieludzka przysz\u0142o\u015b\u0107 w technosferze <\/em>[A Non Inhuman Future in the Technosphere], grant przyznany w ramach programu Inicjatywa Doskona\u0142o\u015bci Badawczej Uniwersytetu \u015al\u0105skiego w Katowicach<\/p>\n\n\n\n<p><strong><strong>Granty indywidualne<\/strong><\/strong><\/p>\n\n\n\n<p><strong>Micha\u0142 Krzykawski<\/strong><\/p>\n\n\n\n<p>2021, <em>L\u2019avenir de l\u2019Internation. Territoires, localit\u00e9s et leurs idiomes<\/em>, grant badawczy Rz\u0105du Francuskiego, \u00c9cole Normale Sup\u00e9rieure, Centre Cavaill\u00e8s, we wsp\u00f3\u0142pracy z Giuseppe Longo.<\/p>\n\n\n\n<p>2020, <em>Re: constituer l\u2019Europe. 2004-2019 et au-dela<\/em>, grant badawczy Rz\u0105du Francuskiego, we wsp\u00f3\u0142pracy z Bernardem Stieglerem.<\/p>\n\n\n\n<p>2016\u20132020. Micha\u0142 Krzykawski (PI), <em>Przyja\u017a\u0144 i wsp\u00f3lnota we wsp\u00f3\u0142czesnej my\u015bli francuskiej<\/em>, NCN, Sonata 2015\/17\/D\/HS2\/00512.<\/p>\n\n\n\n<p><strong>Ania Malinowska<\/strong><\/p>\n\n\n\n<p>2021\u20132024, <em>Technologie mi\u0142o\u015bci. Kultury uczu\u0107 i intymno\u015bci w dobie afektywnych medi\u00f3w<\/em>, NCN, Opus 2020\/37\/B\/HS2\/01455.<\/p>\n\n\n\n<p>2018\u20132019, <em>Feelings Without Organs. Love in Contemporary Technoculture. <\/em>Fulbright Research Fellowship, The New School, New York.<\/p>\n\n\n\n<p>2017\u20132018, <em>Love and New Materialism<\/em>. NCN, Miniatura 2017\/01\/X\/HS2\/00713.<\/p>\n","protected":false},"excerpt":{"rendered":"<p>Granty zespo\u0142owe 2021\u20132024, Networking Ecologically Smart Territories, Horyzont2020 Maria Sk\u0142odowska-Curie RISE, grant agreement ID: 101007915 (lider projektu: Noel Fitzpatrick, Technological University Dublin, lider zespo\u0142u U\u015a: Micha\u0142 Krzykawski). https:\/\/www.nestproject.eu\/ 2021\u20132023, Nie nieludzka przysz\u0142o\u015b\u0107 w technosferze [A Non Inhuman Future in the Technosphere], grant przyznany w ramach programu Inicjatywa Doskona\u0142o\u015bci Badawczej Uniwersytetu \u015al\u0105skiego w Katowicach Granty indywidualne&hellip; <a class=\"more-link\" href=\"https:\/\/www.ccts.us.edu.pl\/pl\/projekty\/\">Czytaj dalej <span class=\"screen-reader-text\">Projekty<\/span><\/a><\/p>\n","protected":false},"author":1,"featured_media":457,"parent":0,"menu_order":0,"comment_status":"closed","ping_status":"closed","template":"","meta":{"footnotes":""},"class_list":["post-362","page","type-page","status-publish","has-post-thumbnail","hentry","entry"],"_links":{"self":[{"href":"https:\/\/www.ccts.us.edu.pl\/pl\/wp-json\/wp\/v2\/pages\/362","targetHints":{"allow":["GET"]}}],"collection":[{"href":"https:\/\/www.ccts.us.edu.pl\/pl\/wp-json\/wp\/v2\/pages"}],"about":[{"href":"https:\/\/www.ccts.us.edu.pl\/pl\/wp-json\/wp\/v2\/types\/page"}],"author":[{"embeddable":true,"href":"https:\/\/www.ccts.us.edu.pl\/pl\/wp-json\/wp\/v2\/users\/1"}],"replies":[{"embeddable":true,"href":"https:\/\/www.ccts.us.edu.pl\/pl\/wp-json\/wp\/v2\/comments?post=362"}],"version-history":[{"count":4,"href":"https:\/\/www.ccts.us.edu.pl\/pl\/wp-json\/wp\/v2\/pages\/362\/revisions"}],"predecessor-version":[{"id":647,"href":"https:\/\/www.ccts.us.edu.pl\/pl\/wp-json\/wp\/v2\/pages\/362\/revisions\/647"}],"wp:featuredmedia":[{"embeddable":true,"href":"https:\/\/www.ccts.us.edu.pl\/pl\/wp-json\/wp\/v2\/media\/457"}],"wp:attachment":[{"href":"https:\/\/www.ccts.us.edu.pl\/pl\/wp-json\/wp\/v2\/media?parent=362"}],"curies":[{"name":"wp","href":"https:\/\/api.w.org\/{rel}","templated":true}]}}