{"id":365,"date":"2021-04-09T02:37:54","date_gmt":"2021-04-09T01:37:54","guid":{"rendered":"https:\/\/ccts.aniamalinowska.com\/?page_id=365"},"modified":"2023-09-08T13:00:14","modified_gmt":"2023-09-08T12:00:14","slug":"wyniki","status":"publish","type":"page","link":"https:\/\/www.ccts.us.edu.pl\/pl\/wyniki\/","title":{"rendered":"Wyniki"},"content":{"rendered":"\n<p><strong>Wideo<\/strong><\/p>\n\n\n\n<div class=\"wp-block-columns is-layout-flex wp-container-core-columns-is-layout-9d6595d7 wp-block-columns-is-layout-flex\">\n<div class=\"wp-block-column is-layout-flow wp-block-column-is-layout-flow\">\n<p>Pour un nouveau rapport sur le savoir \u00e0 l\u2019\u00e2ge de la computation g\u00e9n\u00e9ralis\u00e9e (FR)<\/p>\n<\/div>\n\n\n\n<div class=\"wp-block-column is-layout-flow wp-block-column-is-layout-flow\">\n<figure class=\"wp-block-embed is-type-video is-provider-youtube wp-block-embed-youtube wp-embed-aspect-16-9 wp-has-aspect-ratio\"><div class=\"wp-block-embed__wrapper\">\n<iframe loading=\"lazy\" title=\"Pour un nouveau rapport sur le savoir \u00e0 l\u2019\u00e2ge de la computation g\u00e9n\u00e9ralis\u00e9e\" width=\"750\" height=\"422\" src=\"https:\/\/www.youtube.com\/embed\/LjvDxbOP2vo?feature=oembed\" frameborder=\"0\" allow=\"accelerometer; autoplay; clipboard-write; encrypted-media; gyroscope; picture-in-picture; web-share\" allowfullscreen><\/iframe>\n<\/div><\/figure>\n<\/div>\n<\/div>\n\n\n\n<div class=\"wp-block-columns is-layout-flex wp-container-core-columns-is-layout-9d6595d7 wp-block-columns-is-layout-flex\">\n<div class=\"wp-block-column is-layout-flow wp-block-column-is-layout-flow\"><\/div>\n<\/div>\n\n\n\n<p><strong>Ksi\u0105\u017cki<\/strong><\/p>\n\n\n\n<p>Ania Malinowska, Love in Contemporary Technoculture (forthcoming, Cambridge University Press)<\/p>\n\n\n\n<p>Ania Malinowska and Valentia Peri (eds.), Data Dating. Love, Technology, Desire (forthcoming, Intellect,)<\/p>\n\n\n\n<p>(Micha\u0142 Krzykawski), Bernard Stiegler avec le Collectif Internation, Bifurquer. \u00ab Il n\u2019y a pas d\u2019alternative \u00bb (2020, Les liens qui lib\u00e8rent, Paris) (Translation into Italian : <a rel=\"noreferrer noopener\" href=\"http:\/\/www.meltemieditore.it\/catalogo\/lassoluta-necessita\/\" target=\"_blank\">http:\/\/www.meltemieditore.it\/catalogo\/lassoluta-necessita\/<\/a>, translations into English and Polish forthcoming)<br><a rel=\"noreferrer noopener\" href=\"http:\/\/www.editionslesliensquiliberent.fr\/livre-Bifurquer-609-1-1-0-1.html\" target=\"_blank\">http:\/\/www.editionslesliensquiliberent.fr\/livre-Bifurquer-609-1-1-0-1.html<\/a><\/p>\n\n\n\n<p>Anna Malinowska and Michael Gratzke (eds.), Materiality of Love. Essays On Affection and Cultural Practice (2018, Routledge)<br><a href=\"https:\/\/www.routledge.com\/The-Materiality-of-Love-Essays-on-Affection-and-Cultural-Practice\/Malinowska-Gratzke\/p\/book\/9780367886639\" target=\"_blank\" rel=\"noreferrer noopener\">https:\/\/www.routledge.com\/The-Materiality-of-Love-Essays-on-Affection-and-Cultural-Practice\/Malinowska-Gratzke\/p\/book\/9780367886639<\/a><\/p>\n\n\n\n<p>Anna Malinowska and Karolina Lebek (eds.) Materiality and Popular Culture. The Popular Life of Things (2017, Routledge)<br><a href=\"https:\/\/www.routledge.com\/Materiality-and-Popular-Culture-The-Popular-Life-of-Things\/Malinowska-Lebek\/p\/book\/9780367878177\" target=\"_blank\" rel=\"noreferrer noopener\">https:\/\/www.routledge.com\/Materiality-and-Popular-Culture-The-Popular-Life-of-Things\/Malinowska-Lebek\/p\/book\/9780367878177<\/a><\/p>\n\n\n\n<p>Micha\u0142 Krzykawski, Inne i wsp\u00f3lne. Trzydzie\u015bci pi\u0119\u0107 lat francuskiej filozofii (2017, Warszawa, PWN)<br><a href=\"https:\/\/ksiegarnia.pwn.pl\/Inne-i-wspolne.-Trzydziesci-piec-lat-francuskiej-filozofii,710005320,p.html\" target=\"_blank\" rel=\"noreferrer noopener\">https:\/\/ksiegarnia.pwn.pl\/Inne-i-wspolne.-Trzydziesci-piec-lat-francuskiej-filozofii,710005320,p.html<\/a><\/p>\n\n\n\n<p>Micha\u0142 Krzykawski, L\u2019effet-Bataille. De la litt\u00e9rature d\u2019exc\u00e8s \u00e0 l\u2019\u00e9criture (2011, Katowice, Wydawnictwo Uniwersytetu \u015al\u0105skiego)<br><a rel=\"noreferrer noopener\" href=\"https:\/\/wydawnictwo.us.edu.pl\/node\/1626?language=en\" target=\"_blank\">https:\/\/wydawnictwo.us.edu.pl\/node\/1626?language=en<\/a><\/p>\n\n\n\n<p><strong>Wybrane artyku\u0142y<\/strong><\/p>\n\n\n\n<p>Ania Malinowska, \u201cDemonic Interventions. Robots as Performing Subjects\u201d (forthcoming, Performance Research)<\/p>\n\n\n\n<p>Micha\u0142 Krzykawski, \u201cTowards Idiodiversity. Retranslating Cybernetics\u201d (forthcoming, Philosophy Today)<\/p>\n\n\n\n<p>Anne Alombert, Micha\u0142 Krzykawski, \u00ab Vocabulaire de l\u2019Internation. Introduction aux concepts de Bernard Stiegler et du collectif Internation \u00bb (2021, Appareil)<br><a href=\"https:\/\/journals.openedition.org\/appareil\/3752\" target=\"_blank\" rel=\"noreferrer noopener\">https:\/\/journals.openedition.org\/appareil\/3752<\/a><\/p>\n\n\n\n<p>Micha\u0142 Krzykawski, \u201eWyj\u015b\u0107 z n\u0119dzy entropocenu. Propozycja Internacji\u201d (2020, \u201eWakat\u201d)<br><a rel=\"noreferrer noopener\" href=\"http:\/\/wakat.sdk.pl\/wyjsc-nedzy-entropocenu-propozycja-internacji\/\" target=\"_blank\">http:\/\/wakat.sdk.pl\/wyjsc-nedzy-entropocenu-propozycja-internacji\/<\/a><\/p>\n\n\n\n<p>Ania Malinowska, \u201cSexbots and Posthuman Love\u201d (2020, International Encyclopedia of Gender, Media and Communication, Wiley)<br><a href=\"https:\/\/onlinelibrary.wiley.com\/doi\/10.1002\/9781119429128.iegmc036\" target=\"_blank\" rel=\"noreferrer noopener\">https:\/\/onlinelibrary.wiley.com\/doi\/10.1002\/9781119429128.iegmc036<\/a><\/p>\n\n\n\n<p>Anna Malinowska and Tobi Miller, \u201cSensitive Media\u201d (2017, Open Cultural Studies)<br><a href=\"https:\/\/www.degruyter.com\/document\/doi\/10.1515\/culture-2017-0060\/html\">https:\/\/www.<\/a><a rel=\"noreferrer noopener\" href=\"https:\/\/www.degruyter.com\/document\/doi\/10.1515\/culture-2017-0060\/html\" target=\"_blank\">d<\/a><a href=\"https:\/\/www.degruyter.com\/document\/doi\/10.1515\/culture-2017-0060\/html\">egruyter.com\/document\/doi\/10.1515\/culture-2017-0060\/html<\/a><\/p>\n\n\n\n<p>Anna Malinowska, \u201cLost in representation. Disabled sex and the aesthtics of the norm (2017, Sexualities)<br><a rel=\"noreferrer noopener\" href=\"https:\/\/journals.sagepub.com\/doi\/full\/10.1177\/1363460716688678\" target=\"_blank\">https:\/\/journals.sagepub.com\/doi\/full\/10.1177\/1363460716688678<\/a><\/p>\n","protected":false},"excerpt":{"rendered":"<p>Wideo Pour un nouveau rapport sur le savoir \u00e0 l\u2019\u00e2ge de la computation g\u00e9n\u00e9ralis\u00e9e (FR) Ksi\u0105\u017cki Ania Malinowska, Love in Contemporary Technoculture (forthcoming, Cambridge University Press) Ania Malinowska and Valentia Peri (eds.), Data Dating. Love, Technology, Desire (forthcoming, Intellect,) (Micha\u0142 Krzykawski), Bernard Stiegler avec le Collectif Internation, Bifurquer. \u00ab Il n\u2019y a pas d\u2019alternative \u00bb&hellip; <a class=\"more-link\" href=\"https:\/\/www.ccts.us.edu.pl\/pl\/wyniki\/\">Czytaj dalej <span class=\"screen-reader-text\">Wyniki<\/span><\/a><\/p>\n","protected":false},"author":1,"featured_media":457,"parent":0,"menu_order":0,"comment_status":"closed","ping_status":"closed","template":"","meta":{"footnotes":""},"class_list":["post-365","page","type-page","status-publish","has-post-thumbnail","hentry","entry"],"_links":{"self":[{"href":"https:\/\/www.ccts.us.edu.pl\/pl\/wp-json\/wp\/v2\/pages\/365","targetHints":{"allow":["GET"]}}],"collection":[{"href":"https:\/\/www.ccts.us.edu.pl\/pl\/wp-json\/wp\/v2\/pages"}],"about":[{"href":"https:\/\/www.ccts.us.edu.pl\/pl\/wp-json\/wp\/v2\/types\/page"}],"author":[{"embeddable":true,"href":"https:\/\/www.ccts.us.edu.pl\/pl\/wp-json\/wp\/v2\/users\/1"}],"replies":[{"embeddable":true,"href":"https:\/\/www.ccts.us.edu.pl\/pl\/wp-json\/wp\/v2\/comments?post=365"}],"version-history":[{"count":5,"href":"https:\/\/www.ccts.us.edu.pl\/pl\/wp-json\/wp\/v2\/pages\/365\/revisions"}],"predecessor-version":[{"id":641,"href":"https:\/\/www.ccts.us.edu.pl\/pl\/wp-json\/wp\/v2\/pages\/365\/revisions\/641"}],"wp:featuredmedia":[{"embeddable":true,"href":"https:\/\/www.ccts.us.edu.pl\/pl\/wp-json\/wp\/v2\/media\/457"}],"wp:attachment":[{"href":"https:\/\/www.ccts.us.edu.pl\/pl\/wp-json\/wp\/v2\/media?parent=365"}],"curies":[{"name":"wp","href":"https:\/\/api.w.org\/{rel}","templated":true}]}}